{"id":15,"date":"2023-07-27T15:54:08","date_gmt":"2023-07-27T12:54:08","guid":{"rendered":"http:\/\/handbag.lv\/lt\/?post_type=product&#038;p=15"},"modified":"2026-03-06T08:51:59","modified_gmt":"2026-03-06T05:51:59","slug":"moteriska-rankine-pagaminta-is-naturalios-odos","status":"publish","type":"product","link":"https:\/\/handbag.lv\/en\/product\/moteriska-rankine-pagaminta-is-naturalios-odos\/","title":{"rendered":"Women&#8217;s handbag Made of natural leather"},"content":{"rendered":"<p><strong>Women&#8217;s handbag Made of natural leather.<\/strong><\/p>\n<p>One main compartment, which has two compartments for a wallet and a phone<\/p>\n<p>Outside, two compartments are closed with zippers<\/p>\n<p>One short handle and two long ones that can break to become one long one<\/p>\n<p>height 30 cm<\/p>\n<p>width 20 cm<\/p>\n<p>thickness 10cm<br \/>\nProduct code: d-1rau<\/p>\n","protected":false},"excerpt":{"rendered":"<p>Women&#8217;s handbag Made of natural leather. One main compartment, which has two compartments for a wallet and a phone Outside, two compartments are closed with zippers One short handle and two long ones that can break to become one long one height 30 cm width 20 cm thickness 10cm Product code: d-1rau<\/p>\n","protected":false},"featured_media":19,"comment_status":"open","ping_status":"closed","template":"","meta":[],"product_cat":[],"product_tag":[52,56,53,55,58],"class_list":["post-15","product","type-product","status-publish","has-post-thumbnail","hentry","product_tag-backpack","product_tag-naturalios-odos-kuprine","product_tag-mada","product_tag-naturalios-odos-gaminiai","product_tag-pagaminta-lietuvoje"],"yoast_head":"<!-- This site is optimized with the Yoast SEO plugin v20.13 - https:\/\/yoast.com\/wordpress\/plugins\/seo\/ -->\n<title>Women&#039;s handbag Made of natural leather - Women&#039;s and men&#039;s bags, as well as leather goods<\/title>\n<meta name=\"description\" content=\"\u0416\u0435\u043d\u0441\u043a\u0430\u044f \u0441\u0443\u043c\u043e\u0447\u043a\u0430 \u0438\u0437\u0433\u043e\u0442\u043e\u0432\u043b\u0435\u043d\u0430 \u200b\u200b\u0438\u0437 \u043d\u0430\u0442\u0443\u0440\u0430\u043b\u044c\u043d\u043e\u0439 \u043a\u043e\u0436\u0438\u041e\u0434\u043d\u043e \u043e\u0441\u043d\u043e\u0432\u043d\u043e\u0435 \u043e\u0442\u0434\u0435\u043b\u0435\u043d\u0438\u0435, \u0432 \u043a\u043e\u0442\u043e\u0440\u043e\u043c \u0434\u0432\u0430 \u043e\u0442\u0434\u0435\u043b\u0435\u043d\u0438\u044f \u0434\u043b\u044f \u043a\u043e\u0448\u0435\u043b\u044c\u043a\u0430 \u0438 \u0442\u0435\u043b\u0435\u0444\u043e\u043d\u0430\u0421\u043d\u0430\u0440\u0443\u0436\u0438 \u0434\u0432\u0430 \u043e\u0442\u0434\u0435\u043b\u0435\u043d\u0438\u044f \u0437\u0430\u043a\u0440\u044b\u0432\u0430\u044e\u0442\u0441\u044f \u043d\u0430 \u043c\u043e\u043b\u043d\u0438\u0438.\" \/>\n<meta name=\"robots\" content=\"index, follow, max-snippet:-1, max-image-preview:large, max-video-preview:-1\" \/>\n<link rel=\"canonical\" href=\"https:\/\/handbag.lv\/product\/moteriska-rankine-pagaminta-is-naturalios-odos\/\" \/>\n<script type=\"application\/ld+json\" class=\"yoast-schema-graph\">{\"@context\":\"https:\/\/schema.org\",\"@graph\":[{\"@type\":\"WebPage\",\"@id\":\"https:\/\/handbag.lv\/product\/moteriska-rankine-pagaminta-is-naturalios-odos\/\",\"url\":\"https:\/\/handbag.lv\/product\/moteriska-rankine-pagaminta-is-naturalios-odos\/\",\"name\":\"[:en]Women&#039;s handbag Made of natural leather[:de]Damenhandtasche aus Naturleder[:et]Naiste k\u00e4ekott Valmistatud naturaalsest nahast.[:lt]Moteri\u0161ka rankin\u0117 pagaminta i\u0161 nat\u016bralios odos[:lv]Sievie\u0161u rokassomi\u0146a Izgatavota no dab\u012bgas \u0101das.[:pl]Torebka damska Wykonana ze sk\u00f3ry naturalnej.[:ru]\u0416\u0435\u043d\u0441\u043a\u0430\u044f \u0441\u0443\u043c\u043e\u0447\u043a\u0430 \u0438\u0437\u0433\u043e\u0442\u043e\u0432\u043b\u0435\u043d\u0430 \u200b\u200b\u0438\u0437 \u043d\u0430\u0442\u0443\u0440\u0430\u043b\u044c\u043d\u043e\u0439 \u043a\u043e\u0436\u0438[:] - Women's and men's bags, as well as leather goods\",\"isPartOf\":{\"@id\":\"https:\/\/handbag.lv\/#website\"},\"datePublished\":\"2023-07-27T12:54:08+00:00\",\"dateModified\":\"2026-03-06T05:51:59+00:00\",\"description\":\"\u0416\u0435\u043d\u0441\u043a\u0430\u044f \u0441\u0443\u043c\u043e\u0447\u043a\u0430 \u0438\u0437\u0433\u043e\u0442\u043e\u0432\u043b\u0435\u043d\u0430 \u200b\u200b\u0438\u0437 \u043d\u0430\u0442\u0443\u0440\u0430\u043b\u044c\u043d\u043e\u0439 \u043a\u043e\u0436\u0438\u041e\u0434\u043d\u043e \u043e\u0441\u043d\u043e\u0432\u043d\u043e\u0435 \u043e\u0442\u0434\u0435\u043b\u0435\u043d\u0438\u0435, \u0432 \u043a\u043e\u0442\u043e\u0440\u043e\u043c \u0434\u0432\u0430 \u043e\u0442\u0434\u0435\u043b\u0435\u043d\u0438\u044f \u0434\u043b\u044f \u043a\u043e\u0448\u0435\u043b\u044c\u043a\u0430 \u0438 \u0442\u0435\u043b\u0435\u0444\u043e\u043d\u0430\u0421\u043d\u0430\u0440\u0443\u0436\u0438 \u0434\u0432\u0430 \u043e\u0442\u0434\u0435\u043b\u0435\u043d\u0438\u044f \u0437\u0430\u043a\u0440\u044b\u0432\u0430\u044e\u0442\u0441\u044f \u043d\u0430 \u043c\u043e\u043b\u043d\u0438\u0438.\",\"breadcrumb\":{\"@id\":\"https:\/\/handbag.lv\/product\/moteriska-rankine-pagaminta-is-naturalios-odos\/#breadcrumb\"},\"inLanguage\":\"en-GB\",\"potentialAction\":[{\"@type\":\"ReadAction\",\"target\":[\"https:\/\/handbag.lv\/product\/moteriska-rankine-pagaminta-is-naturalios-odos\/\"]}]},{\"@type\":\"BreadcrumbList\",\"@id\":\"https:\/\/handbag.lv\/product\/moteriska-rankine-pagaminta-is-naturalios-odos\/#breadcrumb\",\"itemListElement\":[{\"@type\":\"ListItem\",\"position\":1,\"name\":\"\u0413\u043b\u0430\u0432\u043d\u0430\u044f \u0441\u0442\u0440\u0430\u043d\u0438\u0446\u0430\",\"item\":\"https:\/\/handbag.lv\/en\/\"},{\"@type\":\"ListItem\",\"position\":2,\"name\":\"\u041c\u0430\u0433\u0430\u0437\u0438\u043d \u0436\u0435\u043d\u0441\u043a\u0438\u0445 \u0441\u0443\u043c\u043e\u0447\u0435\u043a \u0438 \u0438\u0437\u0434\u0435\u043b\u0438\u0439 \u0438\u0437 \u043a\u043e\u0436\u0438\",\"item\":\"https:\/\/handbag.lv\/en\/shop\/\"},{\"@type\":\"ListItem\",\"position\":3,\"name\":\"\u0416\u0435\u043d\u0441\u043a\u0430\u044f \u0441\u0443\u043c\u043e\u0447\u043a\u0430 \u0438\u0437\u0433\u043e\u0442\u043e\u0432\u043b\u0435\u043d\u0430 \u200b\u200b\u0438\u0437 \u043d\u0430\u0442\u0443\u0440\u0430\u043b\u044c\u043d\u043e\u0439 \u043a\u043e\u0436\u0438\"}]},{\"@type\":\"WebSite\",\"@id\":\"https:\/\/handbag.lv\/#website\",\"url\":\"https:\/\/handbag.lv\/\",\"name\":\"Women's and men's bags and leather goods\",\"description\":\"Online store of women's and men's bags\",\"publisher\":{\"@id\":\"https:\/\/handbag.lv\/#organization\"},\"alternateName\":\"Online store of women's and men's bags\",\"potentialAction\":[{\"@type\":\"SearchAction\",\"target\":{\"@type\":\"EntryPoint\",\"urlTemplate\":\"https:\/\/handbag.lv\/?s={search_term_string}\"},\"query-input\":\"required name=search_term_string\"}],\"inLanguage\":\"en-GB\"},{\"@type\":\"Organization\",\"@id\":\"https:\/\/handbag.lv\/#organization\",\"name\":\"Women's and men's bags and leather goods\",\"url\":\"https:\/\/handbag.lv\/\",\"logo\":{\"@type\":\"ImageObject\",\"inLanguage\":\"en-GB\",\"@id\":\"https:\/\/handbag.lv\/#\/schema\/logo\/image\/\",\"url\":\"https:\/\/handbag.lv\/wp-content\/uploads\/2023\/08\/cropped-leather_icon_158332.png\",\"contentUrl\":\"https:\/\/handbag.lv\/wp-content\/uploads\/2023\/08\/cropped-leather_icon_158332.png\",\"width\":512,\"height\":503,\"caption\":\"Women's and men's bags and leather goods\"},\"image\":{\"@id\":\"https:\/\/handbag.lv\/#\/schema\/logo\/image\/\"}}]}<\/script>\n<!-- \/ Yoast SEO plugin. -->","yoast_head_json":{"title":"Women's handbag Made of natural leather - Women's and men's bags, as well as leather goods","description":"\u0416\u0435\u043d\u0441\u043a\u0430\u044f \u0441\u0443\u043c\u043e\u0447\u043a\u0430 \u0438\u0437\u0433\u043e\u0442\u043e\u0432\u043b\u0435\u043d\u0430 \u200b\u200b\u0438\u0437 \u043d\u0430\u0442\u0443\u0440\u0430\u043b\u044c\u043d\u043e\u0439 \u043a\u043e\u0436\u0438\u041e\u0434\u043d\u043e \u043e\u0441\u043d\u043e\u0432\u043d\u043e\u0435 \u043e\u0442\u0434\u0435\u043b\u0435\u043d\u0438\u0435, \u0432 \u043a\u043e\u0442\u043e\u0440\u043e\u043c \u0434\u0432\u0430 \u043e\u0442\u0434\u0435\u043b\u0435\u043d\u0438\u044f \u0434\u043b\u044f \u043a\u043e\u0448\u0435\u043b\u044c\u043a\u0430 \u0438 \u0442\u0435\u043b\u0435\u0444\u043e\u043d\u0430\u0421\u043d\u0430\u0440\u0443\u0436\u0438 \u0434\u0432\u0430 \u043e\u0442\u0434\u0435\u043b\u0435\u043d\u0438\u044f \u0437\u0430\u043a\u0440\u044b\u0432\u0430\u044e\u0442\u0441\u044f \u043d\u0430 \u043c\u043e\u043b\u043d\u0438\u0438.","robots":{"index":"index","follow":"follow","max-snippet":"max-snippet:-1","max-image-preview":"max-image-preview:large","max-video-preview":"max-video-preview:-1"},"canonical":"https:\/\/handbag.lv\/product\/moteriska-rankine-pagaminta-is-naturalios-odos\/","schema":{"@context":"https:\/\/schema.org","@graph":[{"@type":"WebPage","@id":"https:\/\/handbag.lv\/product\/moteriska-rankine-pagaminta-is-naturalios-odos\/","url":"https:\/\/handbag.lv\/product\/moteriska-rankine-pagaminta-is-naturalios-odos\/","name":"[:en]Women&#039;s handbag Made of natural leather[:de]Damenhandtasche aus Naturleder[:et]Naiste k\u00e4ekott Valmistatud naturaalsest nahast.[:lt]Moteri\u0161ka rankin\u0117 pagaminta i\u0161 nat\u016bralios odos[:lv]Sievie\u0161u rokassomi\u0146a Izgatavota no dab\u012bgas \u0101das.[:pl]Torebka damska Wykonana ze sk\u00f3ry naturalnej.[:ru]\u0416\u0435\u043d\u0441\u043a\u0430\u044f \u0441\u0443\u043c\u043e\u0447\u043a\u0430 \u0438\u0437\u0433\u043e\u0442\u043e\u0432\u043b\u0435\u043d\u0430 \u200b\u200b\u0438\u0437 \u043d\u0430\u0442\u0443\u0440\u0430\u043b\u044c\u043d\u043e\u0439 \u043a\u043e\u0436\u0438[:] - Women's and men's bags, as well as leather goods","isPartOf":{"@id":"https:\/\/handbag.lv\/#website"},"datePublished":"2023-07-27T12:54:08+00:00","dateModified":"2026-03-06T05:51:59+00:00","description":"\u0416\u0435\u043d\u0441\u043a\u0430\u044f \u0441\u0443\u043c\u043e\u0447\u043a\u0430 \u0438\u0437\u0433\u043e\u0442\u043e\u0432\u043b\u0435\u043d\u0430 \u200b\u200b\u0438\u0437 \u043d\u0430\u0442\u0443\u0440\u0430\u043b\u044c\u043d\u043e\u0439 \u043a\u043e\u0436\u0438\u041e\u0434\u043d\u043e \u043e\u0441\u043d\u043e\u0432\u043d\u043e\u0435 \u043e\u0442\u0434\u0435\u043b\u0435\u043d\u0438\u0435, \u0432 \u043a\u043e\u0442\u043e\u0440\u043e\u043c \u0434\u0432\u0430 \u043e\u0442\u0434\u0435\u043b\u0435\u043d\u0438\u044f \u0434\u043b\u044f \u043a\u043e\u0448\u0435\u043b\u044c\u043a\u0430 \u0438 \u0442\u0435\u043b\u0435\u0444\u043e\u043d\u0430\u0421\u043d\u0430\u0440\u0443\u0436\u0438 \u0434\u0432\u0430 \u043e\u0442\u0434\u0435\u043b\u0435\u043d\u0438\u044f \u0437\u0430\u043a\u0440\u044b\u0432\u0430\u044e\u0442\u0441\u044f \u043d\u0430 \u043c\u043e\u043b\u043d\u0438\u0438.","breadcrumb":{"@id":"https:\/\/handbag.lv\/product\/moteriska-rankine-pagaminta-is-naturalios-odos\/#breadcrumb"},"inLanguage":"en-GB","potentialAction":[{"@type":"ReadAction","target":["https:\/\/handbag.lv\/product\/moteriska-rankine-pagaminta-is-naturalios-odos\/"]}]},{"@type":"BreadcrumbList","@id":"https:\/\/handbag.lv\/product\/moteriska-rankine-pagaminta-is-naturalios-odos\/#breadcrumb","itemListElement":[{"@type":"ListItem","position":1,"name":"\u0413\u043b\u0430\u0432\u043d\u0430\u044f \u0441\u0442\u0440\u0430\u043d\u0438\u0446\u0430","item":"https:\/\/handbag.lv\/en\/"},{"@type":"ListItem","position":2,"name":"\u041c\u0430\u0433\u0430\u0437\u0438\u043d \u0436\u0435\u043d\u0441\u043a\u0438\u0445 \u0441\u0443\u043c\u043e\u0447\u0435\u043a \u0438 \u0438\u0437\u0434\u0435\u043b\u0438\u0439 \u0438\u0437 \u043a\u043e\u0436\u0438","item":"https:\/\/handbag.lv\/en\/shop\/"},{"@type":"ListItem","position":3,"name":"\u0416\u0435\u043d\u0441\u043a\u0430\u044f \u0441\u0443\u043c\u043e\u0447\u043a\u0430 \u0438\u0437\u0433\u043e\u0442\u043e\u0432\u043b\u0435\u043d\u0430 \u200b\u200b\u0438\u0437 \u043d\u0430\u0442\u0443\u0440\u0430\u043b\u044c\u043d\u043e\u0439 \u043a\u043e\u0436\u0438"}]},{"@type":"WebSite","@id":"https:\/\/handbag.lv\/#website","url":"https:\/\/handbag.lv\/","name":"Women's and men's bags and leather goods","description":"Online store of women's and men's bags","publisher":{"@id":"https:\/\/handbag.lv\/#organization"},"alternateName":"Online store of women's and men's bags","potentialAction":[{"@type":"SearchAction","target":{"@type":"EntryPoint","urlTemplate":"https:\/\/handbag.lv\/?s={search_term_string}"},"query-input":"required name=search_term_string"}],"inLanguage":"en-GB"},{"@type":"Organization","@id":"https:\/\/handbag.lv\/#organization","name":"Women's and men's bags and leather goods","url":"https:\/\/handbag.lv\/","logo":{"@type":"ImageObject","inLanguage":"en-GB","@id":"https:\/\/handbag.lv\/#\/schema\/logo\/image\/","url":"https:\/\/handbag.lv\/wp-content\/uploads\/2023\/08\/cropped-leather_icon_158332.png","contentUrl":"https:\/\/handbag.lv\/wp-content\/uploads\/2023\/08\/cropped-leather_icon_158332.png","width":512,"height":503,"caption":"Women's and men's bags and leather goods"},"image":{"@id":"https:\/\/handbag.lv\/#\/schema\/logo\/image\/"}}]}},"_links":{"self":[{"href":"https:\/\/handbag.lv\/en\/wp-json\/wp\/v2\/product\/15","targetHints":{"allow":["GET"]}}],"collection":[{"href":"https:\/\/handbag.lv\/en\/wp-json\/wp\/v2\/product"}],"about":[{"href":"https:\/\/handbag.lv\/en\/wp-json\/wp\/v2\/types\/product"}],"replies":[{"embeddable":true,"href":"https:\/\/handbag.lv\/en\/wp-json\/wp\/v2\/comments?post=15"}],"wp:featuredmedia":[{"embeddable":true,"href":"https:\/\/handbag.lv\/en\/wp-json\/wp\/v2\/media\/19"}],"wp:attachment":[{"href":"https:\/\/handbag.lv\/en\/wp-json\/wp\/v2\/media?parent=15"}],"wp:term":[{"taxonomy":"product_cat","embeddable":true,"href":"https:\/\/handbag.lv\/en\/wp-json\/wp\/v2\/product_cat?post=15"},{"taxonomy":"product_tag","embeddable":true,"href":"https:\/\/handbag.lv\/en\/wp-json\/wp\/v2\/product_tag?post=15"}],"curies":[{"name":"wp","href":"https:\/\/api.w.org\/{rel}","templated":true}]}}